{"id":415,"date":"2019-07-16T20:00:38","date_gmt":"2019-07-17T03:00:38","guid":{"rendered":"http:\/\/www.apostilleoffice.com\/?page_id=415"},"modified":"2019-07-16T23:51:43","modified_gmt":"2019-07-17T06:51:43","slug":"apostilla-los-angeles","status":"publish","type":"page","link":"https:\/\/www.apostilleoffice.com\/es\/apostille-los-angeles\/","title":{"rendered":"Apostilla Los \u00c1ngeles"},"content":{"rendered":"<h1>Servicios de Apostilla Los \u00c1ngeles<\/h1>\n<h3>Servicios de Apostilla R\u00e1pidos y Profesionales en Los \u00c1ngeles, CA<\/h3>\n<p><img fetchpriority=\"high\" decoding=\"async\" src=\"http:\/\/www.apostilleoffice.com\/wp-content\/uploads\/2019\/07\/apostille-services-los-angeles.jpg\" alt=\"\" width=\"300\" height=\"300\"><\/p>\n<p>&nbsp;<\/p>\n<p>\u00bfVive en Los \u00c1ngeles, CA y necesita un <a href=\"..\/apostille\/\">Apostilla de California<\/a> \u00bfo de autenticaci\u00f3n? \u00a1Podemos ayudar! Ofrecemos servicios de apostilla r\u00e1pidos y profesionales para Los \u00c1ngeles y todas las ciudades aleda\u00f1as.<\/p>\n<h3><strong>Ll\u00e1manos: (714) 676-2068 para recibir ayuda<\/strong><\/h3>\n<p>\u00bfTiene preguntas o necesita ayuda con el proceso de apostilla? Podemos ayudarle, nuestro equipo profesional est\u00e1 listo para asistirlo en el proceso de obtener una apostilla para sus documentos o una autenticaci\u00f3n. Ll\u00e1menos hoy mismo o visite nuestra oficina en Anaheim.<\/p>\n<h3><strong>Pasos de apostilla:<\/strong><\/h3>\n<p>Paso 1: Ll\u00e1manos o vis\u00edtanos para repasar el tipo de documentos que necesitas apostillar o autenticar.<\/p>\n<p>Paso 2: Traiga sus documentos o env\u00edelos por correo a nuestra oficina.<\/p>\n<p>Paso 3: Procesamos tu apostilla<\/p>\n<p>Paso 4: Usted recoge su apostilla o nosotros se la enviamos por correo.<\/p>\n<p>Lo hacemos tan f\u00e1cil conseguir una apostilla en Los \u00c1ngeles.<\/p>\n<p>&nbsp;<\/p>\n<h3><strong>Servicios de Apostilla en Los \u00c1ngeles, CA<\/strong><\/h3>\n<p>Nuestro equipo de notarios experimentados har\u00e1 que el proceso de apostilla sea \u00e1gil y r\u00e1pido para todos los residentes de Los \u00c1ngeles. Obtener una apostilla o autenticaci\u00f3n a veces puede parecer confuso y abrumador. Perm\u00edtanos encargarnos del proceso de apostilla y tendremos sus documentos listos en poco tiempo.<\/p>\n<h3><strong>Otros servicios que podr\u00edas necesitar<\/strong><\/h3>\n<p>En algunos casos, antes de poder procesar una apostilla, es posible que necesites hacer lo siguiente con tu documento:<\/p>\n<ul>\n<li>Haz que lo certified by a <a href=\"..\/notary-public\/\">Notario p\u00fablico<\/a><\/li>\n<li>Trad\u00facelo<\/li>\n<li>Hacer autenticar una firma<\/li>\n<\/ul>\n<p>Si necesita alguno de estos servicios antes de la apostilla, se lo haremos saber y tambi\u00e9n podemos realizar el servicio en la mayor\u00eda de los casos.<\/p>\n<h3><strong>Tipos de documentos que podemos apostillar:<\/strong><\/h3>\n<ul>\n<li>Licencias de matrimonio, Acuerdos de divorcio, Sentencia de divorcio<\/li>\n<li>Certificados de Nacimiento, Certificados de Matrimonio, Certificados de Defunci\u00f3n<\/li>\n<li>Expedientes escolares<\/li>\n<li>Antecedentes Penales, Verificaci\u00f3n de Antecedentes<\/li>\n<li>Poder notarial<\/li>\n<li>Copias notariadas de pasaporte, declaraciones juradas y otros documentos<\/li>\n<li>Permiso para viajar con hijos menores<\/li>\n<li>Documentos corporativos<\/li>\n<li>y muchos m\u00e1s...<\/li>\n<\/ul>\n<p>Ll\u00e1manos <strong>(714) 676-2068<\/strong> con el tipo de documentos que necesita la Apostilla o autenticaci\u00f3n de California<\/p>\n<p>&nbsp;<\/p>\n<p>M\u00e1s informaci\u00f3n sobre Apostillas: <a href=\"https:\/\/assets.hcch.net\/upload\/abc12e.pdf\" target=\"_blank\" rel=\"noopener noreferrer\">Los ABC de las Apostillas<\/a><\/p>\n<p>Visita el sitio web oficial de Los \u00c1ngeles, CA <a href=\"http:\/\/www.lacounty.gov\/\" target=\"_blank\" rel=\"noopener noreferrer\">sitio web<\/a><\/p>\n<p>Los Angeles, California&nbsp; zip codes: 90001\u201390899, 91001\u201393599 area codes:&nbsp; 213, 310\/424, 323, 562, 626, 661, 747\/818, 909<\/p>","protected":false},"excerpt":{"rendered":"<p>Apostille Services Los Angeles Fast and Professional Apostille Services in Los Angeles, CA &nbsp; Do you live in Los Angeles, CA and need a California Apostille or authentication? We can help! We provide fast and professional apostille services for Los Angeles and all surrounding cities. Call Us: (714) 676-2068 For Help Do you have questions &hellip; <\/p>\n<p class=\"link-more\"><a href=\"https:\/\/www.apostilleoffice.com\/es\/apostille-los-angeles\/\" class=\"more-link\">Continuar leyendo<span class=\"screen-reader-text\"> &#8220;Apostille Los Angeles&#8221;<\/span><\/a><\/p>","protected":false},"author":1,"featured_media":0,"parent":0,"menu_order":0,"comment_status":"closed","ping_status":"closed","template":"","meta":{"footnotes":""},"class_list":["post-415","page","type-page","status-publish","hentry"],"yoast_head":"<!-- This site is optimized with the Yoast SEO plugin v27.4 - https:\/\/yoast.com\/product\/yoast-seo-wordpress\/ -->\n<title>Apostille Los Angeles - Apostille Office<\/title>\n<meta name=\"robots\" content=\"index, follow, max-snippet:-1, max-image-preview:large, max-video-preview:-1\" \/>\n<link rel=\"canonical\" href=\"https:\/\/www.apostilleoffice.com\/es\/apostilla-los-angeles\/\" \/>\n<meta property=\"og:locale\" content=\"es_MX\" \/>\n<meta property=\"og:type\" content=\"article\" \/>\n<meta property=\"og:title\" content=\"Apostille Los Angeles - Apostille Office\" \/>\n<meta property=\"og:description\" content=\"Apostille Services Los Angeles Fast and Professional Apostille Services in Los Angeles, CA &nbsp; Do you live in Los Angeles, CA and need a California Apostille or authentication? We can help! We provide fast and professional apostille services for Los Angeles and all surrounding cities. Call Us: (714) 676-2068 For Help Do you have questions &hellip; Continue reading &quot;Apostille Los Angeles&quot;\" \/>\n<meta property=\"og:url\" content=\"https:\/\/www.apostilleoffice.com\/es\/apostilla-los-angeles\/\" \/>\n<meta property=\"og:site_name\" content=\"Apostille Office\" \/>\n<meta property=\"article:modified_time\" content=\"2019-07-17T06:51:43+00:00\" \/>\n<meta property=\"og:image\" content=\"http:\/\/www.apostilleoffice.com\/wp-content\/uploads\/2019\/07\/apostille-services-los-angeles.jpg\" \/>\n<meta name=\"twitter:card\" content=\"summary_large_image\" \/>\n<meta name=\"twitter:label1\" content=\"Tiempo de lectura\" \/>\n\t<meta name=\"twitter:data1\" content=\"2 minutos\" \/>\n<script type=\"application\/ld+json\" class=\"yoast-schema-graph\">{\"@context\":\"https:\\\/\\\/schema.org\",\"@graph\":[{\"@type\":\"WebPage\",\"@id\":\"https:\\\/\\\/www.apostilleoffice.com\\\/apostille-los-angeles\\\/\",\"url\":\"https:\\\/\\\/www.apostilleoffice.com\\\/apostille-los-angeles\\\/\",\"name\":\"Apostille Los Angeles - Apostille Office\",\"isPartOf\":{\"@id\":\"https:\\\/\\\/www.apostilleoffice.com\\\/#website\"},\"primaryImageOfPage\":{\"@id\":\"https:\\\/\\\/www.apostilleoffice.com\\\/apostille-los-angeles\\\/#primaryimage\"},\"image\":{\"@id\":\"https:\\\/\\\/www.apostilleoffice.com\\\/apostille-los-angeles\\\/#primaryimage\"},\"thumbnailUrl\":\"http:\\\/\\\/www.apostilleoffice.com\\\/wp-content\\\/uploads\\\/2019\\\/07\\\/apostille-services-los-angeles.jpg\",\"datePublished\":\"2019-07-17T03:00:38+00:00\",\"dateModified\":\"2019-07-17T06:51:43+00:00\",\"breadcrumb\":{\"@id\":\"https:\\\/\\\/www.apostilleoffice.com\\\/apostille-los-angeles\\\/#breadcrumb\"},\"inLanguage\":\"es\",\"potentialAction\":[{\"@type\":\"ReadAction\",\"target\":[\"https:\\\/\\\/www.apostilleoffice.com\\\/apostille-los-angeles\\\/\"]}]},{\"@type\":\"ImageObject\",\"inLanguage\":\"es\",\"@id\":\"https:\\\/\\\/www.apostilleoffice.com\\\/apostille-los-angeles\\\/#primaryimage\",\"url\":\"http:\\\/\\\/www.apostilleoffice.com\\\/wp-content\\\/uploads\\\/2019\\\/07\\\/apostille-services-los-angeles.jpg\",\"contentUrl\":\"http:\\\/\\\/www.apostilleoffice.com\\\/wp-content\\\/uploads\\\/2019\\\/07\\\/apostille-services-los-angeles.jpg\"},{\"@type\":\"BreadcrumbList\",\"@id\":\"https:\\\/\\\/www.apostilleoffice.com\\\/apostille-los-angeles\\\/#breadcrumb\",\"itemListElement\":[{\"@type\":\"ListItem\",\"position\":1,\"name\":\"Home\",\"item\":\"https:\\\/\\\/www.apostilleoffice.com\\\/\"},{\"@type\":\"ListItem\",\"position\":2,\"name\":\"Apostille Los Angeles\"}]},{\"@type\":\"WebSite\",\"@id\":\"https:\\\/\\\/www.apostilleoffice.com\\\/#website\",\"url\":\"https:\\\/\\\/www.apostilleoffice.com\\\/\",\"name\":\"Apostille Office\",\"description\":\"Apostille Services and Notary Public\",\"publisher\":{\"@id\":\"https:\\\/\\\/www.apostilleoffice.com\\\/#organization\"},\"potentialAction\":[{\"@type\":\"SearchAction\",\"target\":{\"@type\":\"EntryPoint\",\"urlTemplate\":\"https:\\\/\\\/www.apostilleoffice.com\\\/?s={search_term_string}\"},\"query-input\":{\"@type\":\"PropertyValueSpecification\",\"valueRequired\":true,\"valueName\":\"search_term_string\"}}],\"inLanguage\":\"es\"},{\"@type\":\"Organization\",\"@id\":\"https:\\\/\\\/www.apostilleoffice.com\\\/#organization\",\"name\":\"Apostille Office\",\"url\":\"https:\\\/\\\/www.apostilleoffice.com\\\/\",\"logo\":{\"@type\":\"ImageObject\",\"inLanguage\":\"es\",\"@id\":\"https:\\\/\\\/www.apostilleoffice.com\\\/#\\\/schema\\\/logo\\\/image\\\/\",\"url\":\"https:\\\/\\\/www.apostilleoffice.com\\\/wp-content\\\/uploads\\\/2026\\\/02\\\/apostille-office-2.webp\",\"contentUrl\":\"https:\\\/\\\/www.apostilleoffice.com\\\/wp-content\\\/uploads\\\/2026\\\/02\\\/apostille-office-2.webp\",\"width\":1050,\"height\":427,\"caption\":\"Apostille Office\"},\"image\":{\"@id\":\"https:\\\/\\\/www.apostilleoffice.com\\\/#\\\/schema\\\/logo\\\/image\\\/\"}}]}<\/script>\n<!-- \/ Yoast SEO plugin. -->","yoast_head_json":{"title":"Apostilla Los \u00c1ngeles - Oficina de Apostillas","robots":{"index":"index","follow":"follow","max-snippet":"max-snippet:-1","max-image-preview":"max-image-preview:large","max-video-preview":"max-video-preview:-1"},"canonical":"https:\/\/www.apostilleoffice.com\/es\/apostilla-los-angeles\/","og_locale":"es_MX","og_type":"article","og_title":"Apostille Los Angeles - Apostille Office","og_description":"Apostille Services Los Angeles Fast and Professional Apostille Services in Los Angeles, CA &nbsp; Do you live in Los Angeles, CA and need a California Apostille or authentication? We can help! We provide fast and professional apostille services for Los Angeles and all surrounding cities. Call Us: (714) 676-2068 For Help Do you have questions &hellip; Continue reading \"Apostille Los Angeles\"","og_url":"https:\/\/www.apostilleoffice.com\/es\/apostilla-los-angeles\/","og_site_name":"Apostille Office","article_modified_time":"2019-07-17T06:51:43+00:00","og_image":[{"url":"http:\/\/www.apostilleoffice.com\/wp-content\/uploads\/2019\/07\/apostille-services-los-angeles.jpg","type":"","width":"","height":""}],"twitter_card":"summary_large_image","twitter_misc":{"Tiempo de lectura":"2 minutos"},"schema":{"@context":"https:\/\/schema.org","@graph":[{"@type":"WebPage","@id":"https:\/\/www.apostilleoffice.com\/apostille-los-angeles\/","url":"https:\/\/www.apostilleoffice.com\/apostille-los-angeles\/","name":"Apostilla Los \u00c1ngeles - Oficina de Apostillas","isPartOf":{"@id":"https:\/\/www.apostilleoffice.com\/#website"},"primaryImageOfPage":{"@id":"https:\/\/www.apostilleoffice.com\/apostille-los-angeles\/#primaryimage"},"image":{"@id":"https:\/\/www.apostilleoffice.com\/apostille-los-angeles\/#primaryimage"},"thumbnailUrl":"http:\/\/www.apostilleoffice.com\/wp-content\/uploads\/2019\/07\/apostille-services-los-angeles.jpg","datePublished":"2019-07-17T03:00:38+00:00","dateModified":"2019-07-17T06:51:43+00:00","breadcrumb":{"@id":"https:\/\/www.apostilleoffice.com\/apostille-los-angeles\/#breadcrumb"},"inLanguage":"es","potentialAction":[{"@type":"ReadAction","target":["https:\/\/www.apostilleoffice.com\/apostille-los-angeles\/"]}]},{"@type":"ImageObject","inLanguage":"es","@id":"https:\/\/www.apostilleoffice.com\/apostille-los-angeles\/#primaryimage","url":"http:\/\/www.apostilleoffice.com\/wp-content\/uploads\/2019\/07\/apostille-services-los-angeles.jpg","contentUrl":"http:\/\/www.apostilleoffice.com\/wp-content\/uploads\/2019\/07\/apostille-services-los-angeles.jpg"},{"@type":"BreadcrumbList","@id":"https:\/\/www.apostilleoffice.com\/apostille-los-angeles\/#breadcrumb","itemListElement":[{"@type":"ListItem","position":1,"name":"Home","item":"https:\/\/www.apostilleoffice.com\/"},{"@type":"ListItem","position":2,"name":"Apostille Los Angeles"}]},{"@type":"WebSite","@id":"https:\/\/www.apostilleoffice.com\/#website","url":"https:\/\/www.apostilleoffice.com\/","name":"Oficina de Apostilla","description":"Servicios de Apostilla y Notario P\u00fablico","publisher":{"@id":"https:\/\/www.apostilleoffice.com\/#organization"},"potentialAction":[{"@type":"SearchAction","target":{"@type":"EntryPoint","urlTemplate":"https:\/\/www.apostilleoffice.com\/?s={search_term_string}"},"query-input":{"@type":"PropertyValueSpecification","valueRequired":true,"valueName":"search_term_string"}}],"inLanguage":"es"},{"@type":"Organization","@id":"https:\/\/www.apostilleoffice.com\/#organization","name":"Oficina de Apostilla","url":"https:\/\/www.apostilleoffice.com\/","logo":{"@type":"ImageObject","inLanguage":"es","@id":"https:\/\/www.apostilleoffice.com\/#\/schema\/logo\/image\/","url":"https:\/\/www.apostilleoffice.com\/wp-content\/uploads\/2026\/02\/apostille-office-2.webp","contentUrl":"https:\/\/www.apostilleoffice.com\/wp-content\/uploads\/2026\/02\/apostille-office-2.webp","width":1050,"height":427,"caption":"Apostille Office"},"image":{"@id":"https:\/\/www.apostilleoffice.com\/#\/schema\/logo\/image\/"}}]}},"_links":{"self":[{"href":"https:\/\/www.apostilleoffice.com\/es\/wp-json\/wp\/v2\/pages\/415","targetHints":{"allow":["GET"]}}],"collection":[{"href":"https:\/\/www.apostilleoffice.com\/es\/wp-json\/wp\/v2\/pages"}],"about":[{"href":"https:\/\/www.apostilleoffice.com\/es\/wp-json\/wp\/v2\/types\/page"}],"author":[{"embeddable":true,"href":"https:\/\/www.apostilleoffice.com\/es\/wp-json\/wp\/v2\/users\/1"}],"replies":[{"embeddable":true,"href":"https:\/\/www.apostilleoffice.com\/es\/wp-json\/wp\/v2\/comments?post=415"}],"version-history":[{"count":3,"href":"https:\/\/www.apostilleoffice.com\/es\/wp-json\/wp\/v2\/pages\/415\/revisions"}],"predecessor-version":[{"id":446,"href":"https:\/\/www.apostilleoffice.com\/es\/wp-json\/wp\/v2\/pages\/415\/revisions\/446"}],"wp:attachment":[{"href":"https:\/\/www.apostilleoffice.com\/es\/wp-json\/wp\/v2\/media?parent=415"}],"curies":[{"name":"wp","href":"https:\/\/api.w.org\/{rel}","templated":true}]}}