{"id":477,"date":"2019-09-10T15:43:31","date_gmt":"2019-09-10T22:43:31","guid":{"rendered":"http:\/\/www.apostilleoffice.com\/?page_id=477"},"modified":"2019-09-10T15:53:25","modified_gmt":"2019-09-10T22:53:25","slug":"servicios-de-apostilla-santa-ana","status":"publish","type":"page","link":"https:\/\/www.apostilleoffice.com\/es\/apostille-services-santa-ana\/","title":{"rendered":"Servicios de Apostilla Santa Ana"},"content":{"rendered":"<h1>Servicios de Apostilla Santa Ana<\/h1>\n<p><img fetchpriority=\"high\" decoding=\"async\" src=\"http:\/\/www.apostilleoffice.com\/wp-content\/uploads\/2019\/09\/apostille-services-santa-ana.jpg\" alt=\"Servicios de Apostilla en Santa Ana\" width=\"300\" height=\"234\" \/><\/p>\n<p>\u00bfVives en Santa Ana, CA y necesitas un\/una <a href=\"http:\/\/www.apostilleoffice.com\/es\/apostilla\/\">Apostilla de California<\/a> \u00bfo autenticaci\u00f3n? \u00a1Podemos ayudarte! Ofrecemos servicios de apostilla r\u00e1pidos y profesionales para Santa Ana y todas las ciudades aleda\u00f1as.<\/p>\n<h3><strong>Ll\u00e1manos: (714) 676-2068 Para Empezar<\/strong><\/h3>\n<p>\u00bfTiene preguntas o necesita ayuda con el proceso de apostilla? Podemos ayudarle, nuestro equipo profesional est\u00e1 listo para asistirlo en el proceso de obtener una apostilla para sus documentos o una autenticaci\u00f3n. Ll\u00e1menos hoy mismo o visite nuestra oficina en Anaheim.<\/p>\n<h3><strong>Pasos de apostilla:<\/strong><\/h3>\n<p>Paso 1: Ll\u00e1manos o vis\u00edtanos para repasar el tipo de documentos que necesitas apostillar o autenticar.<\/p>\n<p>Paso 2: Traiga sus documentos o env\u00edelos por correo a nuestra oficina.<\/p>\n<p>Paso 3: Procesamos tu apostilla<\/p>\n<p>Paso 4: Usted recoge su apostilla o nosotros se la enviamos por correo.<\/p>\n<p>Lo hacemos tan f\u00e1cil obtener una apostilla r\u00e1pida y profesional. \u00a1Comience hoy mismo!<\/p>\n<p>&nbsp;<\/p>\n<h3><strong>Servicios de Apostilla en Santa Ana, CA<\/strong><\/h3>\n<p>Nuestro equipo de notarios experimentados har\u00e1 que el proceso de apostilla sea \u00e1gil y r\u00e1pido para todos los residentes de Santa Ana. Obtener una apostilla o autenticaci\u00f3n a veces puede parecer confuso y abrumador. D\u00e9jenos encargarnos del proceso de apostilla y tendremos sus documentos listos en poco tiempo.<\/p>\n<h3><strong>Otros servicios que podr\u00edas necesitar<\/strong><\/h3>\n<p>En algunos casos, antes de poder procesar una apostilla, es posible que necesites hacer lo siguiente con tu documento:<\/p>\n<ul>\n<li>Haz que lo certified by a\u00a0<a href=\"http:\/\/www.apostilleoffice.com\/es\/notary-public\/\">Notario p\u00fablico<\/a><\/li>\n<li>Trad\u00facelo<\/li>\n<li>Hacer autenticar una firma<\/li>\n<\/ul>\n<p>Si necesita alguno de estos servicios antes de la apostilla, se lo haremos saber y tambi\u00e9n podemos realizar el servicio en la mayor\u00eda de los casos.<\/p>\n<h3><strong>Tipos de documentos que podemos apostillar:<\/strong><\/h3>\n<ul>\n<li>Licencias de matrimonio, Acuerdos de divorcio, Sentencia de divorcio<\/li>\n<li>Certificados de Nacimiento, Certificados de Matrimonio, Certificados de Defunci\u00f3n<\/li>\n<li>Expedientes escolares<\/li>\n<li>Antecedentes Penales, Verificaci\u00f3n de Antecedentes<\/li>\n<li>Poder notarial<\/li>\n<li>Copias notariadas de pasaporte, declaraciones juradas y otros documentos<\/li>\n<li>Permiso para viajar con hijos menores<\/li>\n<li>Documentos corporativos<\/li>\n<li>y muchos m\u00e1s...<\/li>\n<\/ul>\n<p>Ll\u00e1manos\u00a0<strong>(714) 676-2068<\/strong>\u00a0con el tipo de documentos que necesita la Apostilla o autenticaci\u00f3n de California<\/p>\n<p>&nbsp;<\/p>\n<p>M\u00e1s informaci\u00f3n sobre Apostillas:\u00a0<a href=\"https:\/\/assets.hcch.net\/upload\/abc12e.pdf\" target=\"_blank\" rel=\"noopener noreferrer\">Los ABC de las Apostillas<\/a><\/p>\n<p>Visita la Santa Ana, CA oficial <a href=\"https:\/\/www.ci.santa-ana.ca.us\/\" target=\"_blank\" rel=\"noopener noreferrer\">sitio web<\/a><\/p>\n<p><b>Santa Ana<\/b> es una ciudad en\u00a0 <a href=\"http:\/\/www.apostilleoffice.com\/es\/apostilla-condado-de-orange\/\">Condado de Orange<\/a>, California, Estados Unidos, ubicado en el \u00e1rea metropolitana de <a href=\"http:\/\/www.apostilleoffice.com\/es\/apostilla-los-angeles\/\">Los \u00c1ngeles<\/a> \u00e1rea.<\/p>\n<p>Santa Ana, California\u00a0 zip codes: 92701, 92702, 92703, 92704, 92705, 92706, 92707, 92708, 92711, 92712, 92728, 92735, 92799 \u2013 Area Codes (714), (657), (949)<\/p>","protected":false},"excerpt":{"rendered":"<p>Apostille Services Santa Ana Do you live in Santa Ana, CA and need a California Apostille or authentication? We can help! We provide fast and professional apostille services for Santa Ana and all surrounding cities. Call Us: (714) 676-2068 To Get Started Do you have questions or need help regarding the apostille process? We can &hellip; <\/p>\n<p class=\"link-more\"><a href=\"https:\/\/www.apostilleoffice.com\/es\/apostille-services-santa-ana\/\" class=\"more-link\">Continuar leyendo<span class=\"screen-reader-text\"> &#8220;Apostille Services Santa Ana&#8221;<\/span><\/a><\/p>","protected":false},"author":1,"featured_media":0,"parent":0,"menu_order":0,"comment_status":"closed","ping_status":"closed","template":"","meta":{"footnotes":""},"class_list":["post-477","page","type-page","status-publish","hentry"],"yoast_head":"<!-- This site is optimized with the Yoast SEO plugin v27.4 - https:\/\/yoast.com\/product\/yoast-seo-wordpress\/ -->\n<title>Apostille Services Santa Ana - Apostille Office Fast and Professional<\/title>\n<meta name=\"description\" content=\"Professional apostille services for Santa Ana. We provide fast apostille services near Santa Ana California. Get your document authenticated today.\" \/>\n<meta name=\"robots\" content=\"index, follow, max-snippet:-1, max-image-preview:large, max-video-preview:-1\" \/>\n<link rel=\"canonical\" href=\"https:\/\/www.apostilleoffice.com\/es\/servicios-de-apostilla-santa-ana\/\" \/>\n<meta property=\"og:locale\" content=\"es_MX\" \/>\n<meta property=\"og:type\" content=\"article\" \/>\n<meta property=\"og:title\" content=\"Apostille Services Santa Ana - Apostille Office Fast and Professional\" \/>\n<meta property=\"og:description\" content=\"Professional apostille services for Santa Ana. We provide fast apostille services near Santa Ana California. Get your document authenticated today.\" \/>\n<meta property=\"og:url\" content=\"https:\/\/www.apostilleoffice.com\/es\/servicios-de-apostilla-santa-ana\/\" \/>\n<meta property=\"og:site_name\" content=\"Apostille Office\" \/>\n<meta property=\"article:modified_time\" content=\"2019-09-10T22:53:25+00:00\" \/>\n<meta property=\"og:image\" content=\"http:\/\/www.apostilleoffice.com\/wp-content\/uploads\/2019\/09\/apostille-services-santa-ana.jpg\" \/>\n<meta name=\"twitter:card\" content=\"summary_large_image\" \/>\n<meta name=\"twitter:label1\" content=\"Tiempo de lectura\" \/>\n\t<meta name=\"twitter:data1\" content=\"2 minutos\" \/>\n<script type=\"application\/ld+json\" class=\"yoast-schema-graph\">{\"@context\":\"https:\\\/\\\/schema.org\",\"@graph\":[{\"@type\":\"WebPage\",\"@id\":\"https:\\\/\\\/www.apostilleoffice.com\\\/apostille-services-santa-ana\\\/\",\"url\":\"https:\\\/\\\/www.apostilleoffice.com\\\/apostille-services-santa-ana\\\/\",\"name\":\"Apostille Services Santa Ana - Apostille Office Fast and Professional\",\"isPartOf\":{\"@id\":\"https:\\\/\\\/www.apostilleoffice.com\\\/#website\"},\"primaryImageOfPage\":{\"@id\":\"https:\\\/\\\/www.apostilleoffice.com\\\/apostille-services-santa-ana\\\/#primaryimage\"},\"image\":{\"@id\":\"https:\\\/\\\/www.apostilleoffice.com\\\/apostille-services-santa-ana\\\/#primaryimage\"},\"thumbnailUrl\":\"http:\\\/\\\/www.apostilleoffice.com\\\/wp-content\\\/uploads\\\/2019\\\/09\\\/apostille-services-santa-ana.jpg\",\"datePublished\":\"2019-09-10T22:43:31+00:00\",\"dateModified\":\"2019-09-10T22:53:25+00:00\",\"description\":\"Professional apostille services for Santa Ana. We provide fast apostille services near Santa Ana California. Get your document authenticated today.\",\"breadcrumb\":{\"@id\":\"https:\\\/\\\/www.apostilleoffice.com\\\/apostille-services-santa-ana\\\/#breadcrumb\"},\"inLanguage\":\"es\",\"potentialAction\":[{\"@type\":\"ReadAction\",\"target\":[\"https:\\\/\\\/www.apostilleoffice.com\\\/apostille-services-santa-ana\\\/\"]}]},{\"@type\":\"ImageObject\",\"inLanguage\":\"es\",\"@id\":\"https:\\\/\\\/www.apostilleoffice.com\\\/apostille-services-santa-ana\\\/#primaryimage\",\"url\":\"http:\\\/\\\/www.apostilleoffice.com\\\/wp-content\\\/uploads\\\/2019\\\/09\\\/apostille-services-santa-ana.jpg\",\"contentUrl\":\"http:\\\/\\\/www.apostilleoffice.com\\\/wp-content\\\/uploads\\\/2019\\\/09\\\/apostille-services-santa-ana.jpg\"},{\"@type\":\"BreadcrumbList\",\"@id\":\"https:\\\/\\\/www.apostilleoffice.com\\\/apostille-services-santa-ana\\\/#breadcrumb\",\"itemListElement\":[{\"@type\":\"ListItem\",\"position\":1,\"name\":\"Home\",\"item\":\"https:\\\/\\\/www.apostilleoffice.com\\\/\"},{\"@type\":\"ListItem\",\"position\":2,\"name\":\"Apostille Services Santa Ana\"}]},{\"@type\":\"WebSite\",\"@id\":\"https:\\\/\\\/www.apostilleoffice.com\\\/#website\",\"url\":\"https:\\\/\\\/www.apostilleoffice.com\\\/\",\"name\":\"Apostille Office\",\"description\":\"Apostille Services and Notary Public\",\"publisher\":{\"@id\":\"https:\\\/\\\/www.apostilleoffice.com\\\/#organization\"},\"potentialAction\":[{\"@type\":\"SearchAction\",\"target\":{\"@type\":\"EntryPoint\",\"urlTemplate\":\"https:\\\/\\\/www.apostilleoffice.com\\\/?s={search_term_string}\"},\"query-input\":{\"@type\":\"PropertyValueSpecification\",\"valueRequired\":true,\"valueName\":\"search_term_string\"}}],\"inLanguage\":\"es\"},{\"@type\":\"Organization\",\"@id\":\"https:\\\/\\\/www.apostilleoffice.com\\\/#organization\",\"name\":\"Apostille Office\",\"url\":\"https:\\\/\\\/www.apostilleoffice.com\\\/\",\"logo\":{\"@type\":\"ImageObject\",\"inLanguage\":\"es\",\"@id\":\"https:\\\/\\\/www.apostilleoffice.com\\\/#\\\/schema\\\/logo\\\/image\\\/\",\"url\":\"https:\\\/\\\/www.apostilleoffice.com\\\/wp-content\\\/uploads\\\/2026\\\/02\\\/apostille-office-2.webp\",\"contentUrl\":\"https:\\\/\\\/www.apostilleoffice.com\\\/wp-content\\\/uploads\\\/2026\\\/02\\\/apostille-office-2.webp\",\"width\":1050,\"height\":427,\"caption\":\"Apostille Office\"},\"image\":{\"@id\":\"https:\\\/\\\/www.apostilleoffice.com\\\/#\\\/schema\\\/logo\\\/image\\\/\"}}]}<\/script>\n<!-- \/ Yoast SEO plugin. -->","yoast_head_json":{"title":"Servicios de Apostilla Santa Ana - Oficina de Apostillas R\u00e1pida y Profesional","description":"Servicios profesionales de apostilla para Santa Ana. Ofrecemos servicios r\u00e1pidos de apostilla cerca de Santa Ana, California. Obtenga su documento autenticado hoy mismo.","robots":{"index":"index","follow":"follow","max-snippet":"max-snippet:-1","max-image-preview":"max-image-preview:large","max-video-preview":"max-video-preview:-1"},"canonical":"https:\/\/www.apostilleoffice.com\/es\/servicios-de-apostilla-santa-ana\/","og_locale":"es_MX","og_type":"article","og_title":"Apostille Services Santa Ana - Apostille Office Fast and Professional","og_description":"Professional apostille services for Santa Ana. We provide fast apostille services near Santa Ana California. Get your document authenticated today.","og_url":"https:\/\/www.apostilleoffice.com\/es\/servicios-de-apostilla-santa-ana\/","og_site_name":"Apostille Office","article_modified_time":"2019-09-10T22:53:25+00:00","og_image":[{"url":"http:\/\/www.apostilleoffice.com\/wp-content\/uploads\/2019\/09\/apostille-services-santa-ana.jpg","type":"","width":"","height":""}],"twitter_card":"summary_large_image","twitter_misc":{"Tiempo de lectura":"2 minutos"},"schema":{"@context":"https:\/\/schema.org","@graph":[{"@type":"WebPage","@id":"https:\/\/www.apostilleoffice.com\/apostille-services-santa-ana\/","url":"https:\/\/www.apostilleoffice.com\/apostille-services-santa-ana\/","name":"Servicios de Apostilla Santa Ana - Oficina de Apostillas R\u00e1pida y Profesional","isPartOf":{"@id":"https:\/\/www.apostilleoffice.com\/#website"},"primaryImageOfPage":{"@id":"https:\/\/www.apostilleoffice.com\/apostille-services-santa-ana\/#primaryimage"},"image":{"@id":"https:\/\/www.apostilleoffice.com\/apostille-services-santa-ana\/#primaryimage"},"thumbnailUrl":"http:\/\/www.apostilleoffice.com\/wp-content\/uploads\/2019\/09\/apostille-services-santa-ana.jpg","datePublished":"2019-09-10T22:43:31+00:00","dateModified":"2019-09-10T22:53:25+00:00","description":"Servicios profesionales de apostilla para Santa Ana. Ofrecemos servicios r\u00e1pidos de apostilla cerca de Santa Ana, California. Obtenga su documento autenticado hoy mismo.","breadcrumb":{"@id":"https:\/\/www.apostilleoffice.com\/apostille-services-santa-ana\/#breadcrumb"},"inLanguage":"es","potentialAction":[{"@type":"ReadAction","target":["https:\/\/www.apostilleoffice.com\/apostille-services-santa-ana\/"]}]},{"@type":"ImageObject","inLanguage":"es","@id":"https:\/\/www.apostilleoffice.com\/apostille-services-santa-ana\/#primaryimage","url":"http:\/\/www.apostilleoffice.com\/wp-content\/uploads\/2019\/09\/apostille-services-santa-ana.jpg","contentUrl":"http:\/\/www.apostilleoffice.com\/wp-content\/uploads\/2019\/09\/apostille-services-santa-ana.jpg"},{"@type":"BreadcrumbList","@id":"https:\/\/www.apostilleoffice.com\/apostille-services-santa-ana\/#breadcrumb","itemListElement":[{"@type":"ListItem","position":1,"name":"Home","item":"https:\/\/www.apostilleoffice.com\/"},{"@type":"ListItem","position":2,"name":"Apostille Services Santa Ana"}]},{"@type":"WebSite","@id":"https:\/\/www.apostilleoffice.com\/#website","url":"https:\/\/www.apostilleoffice.com\/","name":"Oficina de Apostilla","description":"Servicios de Apostilla y Notario P\u00fablico","publisher":{"@id":"https:\/\/www.apostilleoffice.com\/#organization"},"potentialAction":[{"@type":"SearchAction","target":{"@type":"EntryPoint","urlTemplate":"https:\/\/www.apostilleoffice.com\/?s={search_term_string}"},"query-input":{"@type":"PropertyValueSpecification","valueRequired":true,"valueName":"search_term_string"}}],"inLanguage":"es"},{"@type":"Organization","@id":"https:\/\/www.apostilleoffice.com\/#organization","name":"Oficina de Apostilla","url":"https:\/\/www.apostilleoffice.com\/","logo":{"@type":"ImageObject","inLanguage":"es","@id":"https:\/\/www.apostilleoffice.com\/#\/schema\/logo\/image\/","url":"https:\/\/www.apostilleoffice.com\/wp-content\/uploads\/2026\/02\/apostille-office-2.webp","contentUrl":"https:\/\/www.apostilleoffice.com\/wp-content\/uploads\/2026\/02\/apostille-office-2.webp","width":1050,"height":427,"caption":"Apostille Office"},"image":{"@id":"https:\/\/www.apostilleoffice.com\/#\/schema\/logo\/image\/"}}]}},"_links":{"self":[{"href":"https:\/\/www.apostilleoffice.com\/es\/wp-json\/wp\/v2\/pages\/477","targetHints":{"allow":["GET"]}}],"collection":[{"href":"https:\/\/www.apostilleoffice.com\/es\/wp-json\/wp\/v2\/pages"}],"about":[{"href":"https:\/\/www.apostilleoffice.com\/es\/wp-json\/wp\/v2\/types\/page"}],"author":[{"embeddable":true,"href":"https:\/\/www.apostilleoffice.com\/es\/wp-json\/wp\/v2\/users\/1"}],"replies":[{"embeddable":true,"href":"https:\/\/www.apostilleoffice.com\/es\/wp-json\/wp\/v2\/comments?post=477"}],"version-history":[{"count":4,"href":"https:\/\/www.apostilleoffice.com\/es\/wp-json\/wp\/v2\/pages\/477\/revisions"}],"predecessor-version":[{"id":482,"href":"https:\/\/www.apostilleoffice.com\/es\/wp-json\/wp\/v2\/pages\/477\/revisions\/482"}],"wp:attachment":[{"href":"https:\/\/www.apostilleoffice.com\/es\/wp-json\/wp\/v2\/media?parent=477"}],"curies":[{"name":"wp","href":"https:\/\/api.w.org\/{rel}","templated":true}]}}